{"id":3644,"date":"2026-04-29T12:58:55","date_gmt":"2026-04-29T10:58:55","guid":{"rendered":"https:\/\/eolos.es\/?page_id=3644"},"modified":"2026-04-29T16:39:11","modified_gmt":"2026-04-29T14:39:11","slug":"arquitectos","status":"publish","type":"page","link":"https:\/\/eolos.es\/en\/arquitectos\/","title":{"rendered":"Architects"},"content":{"rendered":"<div class=\"wp-block-cover alignfull is-light lemmony-parallax\" style=\"padding-top:var(--wp--preset--spacing--30);padding-right:0;padding-bottom:var(--wp--preset--spacing--30);padding-left:0;min-height:30vw;aspect-ratio:unset;\"><span aria-hidden=\"true\" class=\"wp-block-cover__background has-primary-background-color has-background-dim-0 has-background-dim\"><\/span><div class=\"wp-block-cover__inner-container is-layout-flow wp-block-cover-is-layout-flow\">\n<div class=\"wp-block-group has-body-color has-text-color has-global-padding is-layout-constrained wp-container-core-group-is-layout-c19476fc wp-block-group-is-layout-constrained\">\n<h1 class=\"wp-block-heading has-text-align-center lemmony-animation lemmonyFadeInUp has-black-color has-text-color has-link-color has-huge-plus-font-size wp-elements-2b1b195db8adf61ef4eae0435012e93c\" style=\"--lemmony-animation-name:lemmonyFadeInUp\">Our Team<\/h1>\n\n\n\n<p class=\"has-text-align-center lemmony-animation lemmonyFadeInUp has-medium-font-size lemmony-animation\" style=\"padding-right:var(--wp--preset--spacing--20);padding-left:var(--wp--preset--spacing--20);--lemmony-animation-name:lemmonyFadeInUp;animation-delay:var(--lemmony-delay-xsmall)\"><strong><strong>EOLOS is led by registered architects. <\/strong><\/strong><\/p>\n\n\n\n<p class=\"has-text-align-center lemmony-animation lemmonyFadeInUp has-small-font-size lemmony-animation\" style=\"padding-right:var(--wp--preset--spacing--20);padding-left:var(--wp--preset--spacing--20);--lemmony-animation-name:lemmonyFadeInUp;animation-delay:var(--lemmony-delay-xsmall)\">Each project is managed directly by one of them, from the first conversation to the final result.<\/p>\n<\/div>\n<\/div><\/div>\n\n\n\n<div class=\"wp-block-group alignwide has-global-padding is-layout-constrained wp-block-group-is-layout-constrained\" style=\"margin-top:0;margin-bottom:0;padding-top:var(--wp--preset--spacing--70);padding-bottom:128px\">\n<div class=\"wp-block-columns is-layout-flex wp-container-core-columns-is-layout-2c537bcb wp-block-columns-is-layout-flex\" style=\"padding-top:0\">\n<div class=\"wp-block-column is-layout-flow wp-container-core-column-is-layout-e3d1c41b wp-block-column-is-layout-flow\">\n<div class=\"wp-block-cover is-light has-custom-content-position is-position-bottom-left lemmony-aspect-radio-square\"><img decoding=\"async\" class=\"wp-block-cover__image-background wp-image-1925 size-full\" alt=\"\" src=\"https:\/\/eolos.se\/wp-content\/uploads\/2026\/01\/DOLORES_lwsoptimized.webp\" style=\"object-position:49% 13%\" data-object-fit=\"cover\" data-object-position=\"49% 13%\"\/><span aria-hidden=\"true\" class=\"wp-block-cover__background has-background-dim-0 has-background-dim\" style=\"background-color:#ababab\"><\/span><div class=\"wp-block-cover__inner-container is-layout-flow wp-block-cover-is-layout-flow\">\n<div class=\"wp-block-buttons lemmony-animation lemmonyFadeInUp is-layout-flex wp-block-buttons-is-layout-flex\" style=\"--lemmony-animation-name:lemmonyFadeInUp\"><\/div>\n<\/div><\/div>\n\n\n\n<h4 class=\"wp-block-heading has-medium-font-size\" style=\"margin-top:var(--wp--preset--spacing--40)\">Dolores <\/h4>\n\n\n\n<p class=\"lemmony-animation lemmonyFadeIn has-meta-color has-text-color has-tiny-plus-font-size lemmony-animation\" style=\"--lemmony-animation-name:lemmonyFadeIn\"><em>Principal Architect<\/em><\/p>\n\n\n\n<p>Dolores is Spanish and Swedish. She trained as an architect at ETSAM, Escuela T\u00e9cnica Superior de Arquitectura de Madrid, one of the most prestigious architecture schools in Europe and part of the Universidad Polit\u00e9cnica de Madrid. She developed her professional experience in Spain and Sweden, leading complex residential and mixed-use projects for some of the largest Nordic developers, including Skanska, JM, Bonava and Serneke.<\/p>\n\n\n\n<p>She holds a Master's degree in Sustainable Design and Bioclimatic Architecture from the University of Barcelona and completed specialized training in circular construction in Stockholm. She is a registered architect in Spain (COAM, Colegio Oficial de Arquitectos de Madrid) and a WELL Accredited Professional.<\/p>\n<\/div>\n\n\n\n<div class=\"wp-block-column is-layout-flow wp-container-core-column-is-layout-e3d1c41b wp-block-column-is-layout-flow\">\n<div class=\"wp-block-cover is-light has-custom-content-position is-position-bottom-left lemmony-aspect-radio-square\"><img decoding=\"async\" class=\"wp-block-cover__image-background wp-image-1926 size-full\" alt=\"\" src=\"https:\/\/eolos.se\/wp-content\/uploads\/2026\/01\/DIMITRIS_lwsoptimized.webp\" style=\"object-position:52% 13%\" data-object-fit=\"cover\" data-object-position=\"52% 13%\"\/><span aria-hidden=\"true\" class=\"wp-block-cover__background has-background-dim-0 has-background-dim\" style=\"background-color:#888888\"><\/span><div class=\"wp-block-cover__inner-container is-layout-flow wp-block-cover-is-layout-flow\">\n<div class=\"wp-block-buttons lemmony-animation lemmonyFadeInUp is-layout-flex wp-block-buttons-is-layout-flex\" style=\"--lemmony-animation-name:lemmonyFadeInUp;animation-delay:var(--lemmony-delay-xsmall)\"><\/div>\n<\/div><\/div>\n\n\n\n<h4 class=\"wp-block-heading has-medium-font-size\" style=\"margin-top:var(--wp--preset--spacing--40)\">Dimitrios <\/h4>\n\n\n\n<p class=\"lemmony-animation lemmonyFadeIn has-meta-color has-text-color has-tiny-plus-font-size lemmony-animation\" style=\"--lemmony-animation-name:lemmonyFadeIn;animation-delay:var(--lemmony-delay-xsmall)\"><em>Principal Architect<\/em><\/p>\n\n\n\n<p>Dimitrios is Greek and Swedish. He holds an integrated master's degree in Architecture and Engineering from the National Polytechnic University of Athens, one of the most prestigious technical universities in Europe, and completed a master's degree in Entrepreneurship and Innovation Management at KTH Stockholm. He subsequently led large residential and commercial projects for developers such as Skanska, Einar Mattsson and JM.<\/p>\n\n\n\n<p>He is a registered architect with additional professional license in Greece. At EOLOS he leads project management, BIM coordination, business development and studio strategy.<\/p>\n<\/div>\n<\/div>\n<\/div>\n\n\n\n<h2 class=\"wp-block-heading has-text-align-center has-large-font-size\">Our Team<\/h2>\n\n\n\n<p class=\"has-text-align-center\">Together, Dolores and Dimitrios lead a team of designers, production specialists, engineers and collaborators with more than two decades of combined experience in architecture, commercial interior and hospitality design.<\/p>\n\n\n\n<div class=\"wp-block-columns alignwide are-vertically-aligned-top lemmony-mobile-center is-layout-flex wp-container-core-columns-is-layout-f02677c9 wp-block-columns-is-layout-flex\" id=\"explore\" style=\"margin-top:0;margin-bottom:0;padding-top:var(--wp--preset--spacing--50);padding-bottom:var(--wp--preset--spacing--50)\">\n<div class=\"wp-block-column is-vertically-aligned-top is-layout-flow wp-block-column-is-layout-flow\">\n<div class=\"wp-block-group is-style-hover-bg lemmony-animation has-global-padding is-layout-constrained wp-container-core-group-is-layout-b2834a4a wp-block-group-is-layout-constrained\" style=\"border-radius:24px;padding-top:40px;padding-right:var(--wp--preset--spacing--30);padding-bottom:40px;padding-left:var(--wp--preset--spacing--30);--lemmony-animation-name:lemmonyFadeIn\">\n<div class=\"wp-block-columns is-layout-flex wp-container-core-columns-is-layout-87beb0d0 wp-block-columns-is-layout-flex\">\n<div class=\"wp-block-column is-layout-flow wp-block-column-is-layout-flow\" style=\"flex-basis:36px\">\n<div class=\"wp-block-lemmony-companion-icon has-medium-plus-font-size\"><div class=\"lemmony-icon-wrapper\"><svg xmlns=\"http:\/\/www.w3.org\/2000\/svg\" viewbox=\"0 0 32 32\" data-reactroot=\"\"><path d=\"M25.5,30.646h-3.496c-0.553,0-1-0.447-1-1s0.447-1,1-1H25.5c1.654,0,3-1.346,3-3v-3.497c0-0.553,0.447-1,1-1s1,0.447,1,1 v3.497C30.5,28.403,28.257,30.646,25.5,30.646z M9.996,30.646H6.5c-2.757,0-5-2.243-5-5v-3.497c0-0.553,0.448-1,1-1s1,0.447,1,1 v3.497c0,1.654,1.346,3,3,3h3.496c0.552,0,1,0.447,1,1S10.548,30.646,9.996,30.646z M29.5,10.85c-0.553,0-1-0.448-1-1V6.354 c0-1.654-1.346-3-3-3h-3.496c-0.553,0-1-0.448-1-1s0.447-1,1-1H25.5c2.757,0,5,2.243,5,5V9.85C30.5,10.402,30.053,10.85,29.5,10.85 z M2.5,10.85c-0.552,0-1-0.448-1-1V6.354c0-2.757,2.243-5,5-5h3.496c0.552,0,1,0.448,1,1s-0.448,1-1,1H6.5c-1.654,0-3,1.346-3,3 V9.85C3.5,10.402,3.052,10.85,2.5,10.85z\"><\/path><\/svg><\/div><\/div>\n<\/div>\n\n\n\n<div class=\"wp-block-column is-layout-flow wp-container-core-column-is-layout-22223934 wp-block-column-is-layout-flow\" style=\"flex-basis:66.66%\">\n<h3 class=\"wp-block-heading has-small-plus-font-size\">Studio <\/h3>\n\n\n\n<p class=\"has-tiny-plus-font-size\">Architects, interior designers, concept and visualization specialists<\/p>\n<\/div>\n<\/div>\n<\/div>\n<\/div>\n\n\n\n<div class=\"wp-block-column is-vertically-aligned-top is-layout-flow wp-block-column-is-layout-flow\">\n<div class=\"wp-block-group is-style-hover-bg lemmony-animation has-global-padding is-content-justification-center is-layout-constrained wp-container-core-group-is-layout-0b94e582 wp-block-group-is-layout-constrained\" style=\"border-radius:24px;padding-top:40px;padding-right:var(--wp--preset--spacing--30);padding-bottom:40px;padding-left:var(--wp--preset--spacing--30);--lemmony-animation-name:lemmonyFadeIn;animation-delay:var(--lemmony-delay-xsmall)\">\n<div class=\"wp-block-columns is-layout-flex wp-container-core-columns-is-layout-87beb0d0 wp-block-columns-is-layout-flex\">\n<div class=\"wp-block-column is-layout-flow wp-block-column-is-layout-flow\" style=\"flex-basis:36px\">\n<div class=\"wp-block-lemmony-companion-icon has-medium-plus-font-size\"><div class=\"lemmony-icon-wrapper\"><svg xmlns=\"http:\/\/www.w3.org\/2000\/svg\" viewbox=\"0 0 32 32\" data-reactroot=\"\"><path d=\"M16,30.5C8.005,30.5,1.5,23.995,1.5,16S8.005,1.5,16,1.5S30.5,8.005,30.5,16S23.995,30.5,16,30.5z M16,3.5 C9.107,3.5,3.5,9.107,3.5,16S9.107,28.5,16,28.5S28.5,22.893,28.5,16S22.893,3.5,16,3.5z M13.705,22.353 c-0.339,0-0.674-0.09-0.98-0.267c-0.62-0.357-0.99-0.997-0.99-1.713v-8.746c0-0.716,0.37-1.356,0.99-1.714 c0.62-0.358,1.359-0.357,1.978,0.001l7.06,4.382c0.609,0.359,0.973,0.995,0.973,1.704c0,0.715-0.37,1.355-0.989,1.713l-7.016,4.356 C14.402,22.259,14.051,22.353,13.705,22.353z M13.674,11.63l0.06,8.743L20.714,16L13.674,11.63z M20.715,15.997 c0,0,0,0.001,0.001,0.002l0.002-0.001C20.717,15.997,20.716,15.997,20.715,15.997z\"><\/path><\/svg><\/div><\/div>\n<\/div>\n\n\n\n<div class=\"wp-block-column is-layout-flow wp-container-core-column-is-layout-22223934 wp-block-column-is-layout-flow\" style=\"flex-basis:66.66%\">\n<h3 class=\"wp-block-heading has-small-plus-font-size\">Production <\/h3>\n\n\n\n<p class=\"has-tiny-plus-font-size\">Coordination of work, execution management, technical management<\/p>\n<\/div>\n<\/div>\n<\/div>\n<\/div>\n\n\n\n<div class=\"wp-block-column is-vertically-aligned-top is-layout-flow wp-block-column-is-layout-flow\">\n<div class=\"wp-block-group is-style-hover-bg lemmony-animation has-global-padding is-layout-constrained wp-container-core-group-is-layout-b2834a4a wp-block-group-is-layout-constrained\" style=\"border-radius:24px;padding-top:40px;padding-right:var(--wp--preset--spacing--30);padding-bottom:40px;padding-left:var(--wp--preset--spacing--30);--lemmony-animation-name:lemmonyFadeIn;animation-delay:var(--lemmony-delay-xsmall)\">\n<div class=\"wp-block-columns is-layout-flex wp-container-core-columns-is-layout-87beb0d0 wp-block-columns-is-layout-flex\">\n<div class=\"wp-block-column is-layout-flow wp-block-column-is-layout-flow\" style=\"flex-basis:36px\">\n<div class=\"wp-block-lemmony-companion-icon has-medium-plus-font-size\"><div class=\"lemmony-icon-wrapper\"><svg xmlns=\"http:\/\/www.w3.org\/2000\/svg\" viewbox=\"0 0 32 32\" data-reactroot=\"\"><path d=\"M11.448,27.938c-2.67,0-5.341-0.688-7.723-2.063c-0.495-0.286-0.939-0.645-1.32-1.064c-0.86-0.948-1.127-2.253-0.713-3.491 c0.429-1.279,1.511-2.23,2.826-2.48l0.141-0.026c4.599-0.877,9.26-0.863,13.856,0.038c1.278,0.25,2.298,1.138,2.727,2.373 c0.42,1.21,0.178,2.509-0.649,3.473c-0.404,0.471-0.882,0.867-1.421,1.179C16.789,27.249,14.118,27.938,11.448,27.938z M4.89,20.803c-0.722,0.138-1.146,0.685-1.302,1.15c-0.087,0.261-0.232,0.929,0.298,1.513c0.242,0.267,0.524,0.494,0.839,0.677 c4.146,2.393,9.299,2.393,13.446-0.001c0.343-0.197,0.646-0.45,0.903-0.749c0.363-0.424,0.465-0.976,0.277-1.514 c-0.192-0.556-0.649-0.954-1.222-1.066c-4.343-0.851-8.751-0.864-13.099-0.036L4.89,20.803z M24.569,25.372 c-0.498,0-0.929-0.37-0.991-0.877c-0.068-0.548,0.321-1.048,0.869-1.115c1.176-0.146,2.293-0.521,3.32-1.113 c0.242-0.14,0.451-0.325,0.618-0.551c0.171-0.229,0.115-0.476,0.066-0.603c-0.08-0.206-0.28-0.448-0.603-0.512 c-1.098-0.215-2.206-0.351-3.308-0.405c-0.552-0.028-0.977-0.497-0.949-1.049c0.028-0.553,0.505-0.989,1.049-0.949 c1.197,0.061,2.401,0.208,3.581,0.438c0.949,0.186,1.747,0.857,2.095,1.756c0.331,0.855,0.209,1.797-0.326,2.517 c-0.332,0.446-0.743,0.812-1.224,1.09c-1.261,0.727-2.631,1.187-4.074,1.365C24.651,25.37,24.61,25.372,24.569,25.372z M23.657,15.53c-2.323,0-4.214-1.89-4.214-4.214s1.891-4.214,4.214-4.214s4.214,1.89,4.214,4.214S25.98,15.53,23.657,15.53z M23.657,9.102c-1.221,0-2.214,0.993-2.214,2.214s0.993,2.214,2.214,2.214s2.214-0.993,2.214-2.214S24.877,9.102,23.657,9.102z M11.319,15.53c-3.162,0-5.734-2.572-5.734-5.734s2.572-5.734,5.734-5.734s5.733,2.572,5.733,5.734S14.48,15.53,11.319,15.53z M11.319,6.062c-2.059,0-3.734,1.675-3.734,3.734s1.675,3.734,3.734,3.734s3.734-1.675,3.734-3.734S13.378,6.062,11.319,6.062z\"><\/path><\/svg><\/div><\/div>\n<\/div>\n\n\n\n<div class=\"wp-block-column is-layout-flow wp-container-core-column-is-layout-22223934 wp-block-column-is-layout-flow\" style=\"flex-basis:66.66%\">\n<h3 class=\"wp-block-heading has-small-plus-font-size\">Engineering<\/h3>\n\n\n\n<p class=\"has-tiny-plus-font-size\"> Structures, installations and technical consulting<\/p>\n<\/div>\n<\/div>\n<\/div>\n<\/div>\n\n\n\n<div class=\"wp-block-column is-vertically-aligned-top is-layout-flow wp-block-column-is-layout-flow\">\n<div class=\"wp-block-group is-style-hover-bg lemmony-animation has-global-padding is-layout-constrained wp-container-core-group-is-layout-b2834a4a wp-block-group-is-layout-constrained\" style=\"border-radius:24px;padding-top:40px;padding-right:var(--wp--preset--spacing--30);padding-bottom:40px;padding-left:var(--wp--preset--spacing--30);--lemmony-animation-name:lemmonyFadeIn;animation-delay:var(--lemmony-delay-xsmall)\">\n<div class=\"wp-block-columns is-layout-flex wp-container-core-columns-is-layout-87beb0d0 wp-block-columns-is-layout-flex\">\n<div class=\"wp-block-column is-layout-flow wp-block-column-is-layout-flow\" style=\"flex-basis:36px\">\n<div class=\"wp-block-lemmony-companion-icon has-medium-plus-font-size\"><div class=\"lemmony-icon-wrapper\"><svg xmlns=\"http:\/\/www.w3.org\/2000\/svg\" viewbox=\"0 0 32 32\" data-reactroot=\"\"><path d=\"M24.157,30.5c-3.497,0-6.343-2.846-6.343-6.343s2.846-6.343,6.343-6.343S30.5,20.66,30.5,24.157S27.654,30.5,24.157,30.5z M24.157,19.815c-2.395,0-4.343,1.948-4.343,4.343s1.948,4.343,4.343,4.343s4.343-1.948,4.343-4.343S26.552,19.815,24.157,19.815z M7.842,30.5c-3.497,0-6.342-2.846-6.342-6.343s2.845-6.343,6.342-6.343c3.498,0,6.343,2.846,6.343,6.343S11.34,30.5,7.842,30.5z M7.842,19.815c-2.395,0-4.342,1.948-4.342,4.343S5.448,28.5,7.842,28.5s4.343-1.948,4.343-4.343S10.237,19.815,7.842,19.815z M24.157,14.185c-3.497,0-6.343-2.845-6.343-6.343S20.66,1.5,24.157,1.5S30.5,4.345,30.5,7.843S27.654,14.185,24.157,14.185z M24.157,3.5c-2.395,0-4.343,1.948-4.343,4.343s1.948,4.343,4.343,4.343S28.5,10.237,28.5,7.843S26.552,3.5,24.157,3.5z M7.842,14.185c-3.497,0-6.342-2.845-6.342-6.343S4.345,1.5,7.842,1.5c3.498,0,6.343,2.845,6.343,6.343S11.34,14.185,7.842,14.185z M7.842,3.5C5.448,3.5,3.5,5.448,3.5,7.843s1.948,4.343,4.342,4.343s4.343-1.948,4.343-4.343S10.237,3.5,7.842,3.5z\"><\/path><\/svg><\/div><\/div>\n<\/div>\n\n\n\n<div class=\"wp-block-column is-layout-flow wp-container-core-column-is-layout-22223934 wp-block-column-is-layout-flow\" style=\"flex-basis:66.66%\">\n<h3 class=\"wp-block-heading has-small-plus-font-size\">Collaborators <\/h3>\n\n\n\n<p class=\"has-tiny-plus-font-size\">Specialists in various fields<\/p>\n<\/div>\n<\/div>\n<\/div>\n<\/div>\n<\/div>\n\n\n\n<div class=\"wp-block-columns alignwide lemmony-mobile-center is-layout-flex wp-container-core-columns-is-layout-ea8e853d wp-block-columns-is-layout-flex\" style=\"margin-top:0;margin-bottom:0;padding-top:var(--wp--preset--spacing--60);padding-bottom:var(--wp--preset--spacing--60)\">\n<div class=\"wp-block-column is-layout-flow wp-block-column-is-layout-flow\" style=\"flex-basis:4%\"><\/div>\n\n\n\n<div class=\"wp-block-column is-layout-flow wp-block-column-is-layout-flow\">\n<h2 class=\"wp-block-heading has-text-align-center has-large-plus-font-size\" style=\"margin-top:0;margin-right:0;margin-bottom:0;margin-left:0\"><em>Do you want to talk about your project?<\/em><\/h2>\n<\/div>\n\n\n\n<div class=\"wp-block-column is-layout-flow wp-block-column-is-layout-flow\" style=\"border-right-color:var(--wp--preset--color--border);border-right-width:1px;flex-basis:5%\"><\/div>\n\n\n\n<div class=\"wp-block-column is-layout-flow wp-block-column-is-layout-flow\" style=\"flex-basis:6%\"><\/div>\n\n\n\n<div class=\"wp-block-column is-layout-flow wp-container-core-column-is-layout-9157cea7 wp-block-column-is-layout-flow\" style=\"padding-top:0;padding-right:0;padding-bottom:0;padding-left:0\">\n<div class=\"wp-block-group is-content-justification-left is-nowrap is-layout-flex wp-container-core-group-is-layout-3e7de63d wp-block-group-is-layout-flex\" style=\"padding-top:var(--wp--preset--spacing--20);padding-bottom:var(--wp--preset--spacing--20)\">\n<div class=\"wp-block-buttons is-content-justification-center is-layout-flex wp-container-core-buttons-is-layout-a89b3969 wp-block-buttons-is-layout-flex\" style=\"text-decoration:underline\">\n<div class=\"wp-block-button\"><a class=\"wp-block-button__link has-body-color has-white-background-color has-text-color has-background has-medium-plus-font-size has-custom-font-size wp-element-button\" href=\"https:\/\/eolos.es\/en\/contact\/\" style=\"padding-top:0;padding-right:0;padding-bottom:0;padding-left:0;font-style:normal;font-weight:700\"><strong>Book a free consultation<\/strong><\/a><\/div>\n<\/div>\n\n\n\n<div class=\"wp-block-lemmony-companion-icon\"><div class=\"lemmony-icon-wrapper\"><svg xmlns=\"http:\/\/www.w3.org\/2000\/svg\" viewbox=\"0 0 32 32\" data-reactroot=\"\"><polygon points=\"21.418,24.789 20.004,23.375 26.379,17 1.793,17 1.793,15 26.379,15 20.004,8.625 21.418,7.211 30.207,16 \"><\/polygon><\/svg><\/div><\/div>\n<\/div>\n<\/div>\n\n\n\n<div class=\"wp-block-column is-layout-flow wp-block-column-is-layout-flow\" style=\"flex-basis:2%\"><\/div>\n<\/div>","protected":false},"excerpt":{"rendered":"<p>Dolores Arquitecta Principal Dolores es espa\u00f1ola y sueca. Se form\u00f3 como arquitecta en la ETSAM, Escuela T\u00e9cnica Superior de Arquitectura de Madrid, una de las escuelas de arquitectura m\u00e1s prestigiosas de Europa y parte de la Universidad Polit\u00e9cnica de Madrid. Desarroll\u00f3 su experiencia profesional en Espa\u00f1a y Suecia, liderando complejos proyectos residenciales y de uso [&hellip;]<\/p>\n","protected":false},"author":1,"featured_media":2245,"parent":0,"menu_order":22,"comment_status":"closed","ping_status":"closed","template":"page-without-title","meta":{"iawp_total_views":14,"_vp_format_video_url":"","_vp_image_focal_point":[],"footnotes":""},"class_list":["post-3644","page","type-page","status-publish","has-post-thumbnail","hentry"],"_links":{"self":[{"href":"https:\/\/eolos.es\/en\/wp-json\/wp\/v2\/pages\/3644","targetHints":{"allow":["GET"]}}],"collection":[{"href":"https:\/\/eolos.es\/en\/wp-json\/wp\/v2\/pages"}],"about":[{"href":"https:\/\/eolos.es\/en\/wp-json\/wp\/v2\/types\/page"}],"author":[{"embeddable":true,"href":"https:\/\/eolos.es\/en\/wp-json\/wp\/v2\/users\/1"}],"replies":[{"embeddable":true,"href":"https:\/\/eolos.es\/en\/wp-json\/wp\/v2\/comments?post=3644"}],"version-history":[{"count":0,"href":"https:\/\/eolos.es\/en\/wp-json\/wp\/v2\/pages\/3644\/revisions"}],"wp:featuredmedia":[{"embeddable":true,"href":"https:\/\/eolos.es\/en\/wp-json\/wp\/v2\/media\/2245"}],"wp:attachment":[{"href":"https:\/\/eolos.es\/en\/wp-json\/wp\/v2\/media?parent=3644"}],"curies":[{"name":"wp","href":"https:\/\/api.w.org\/{rel}","templated":true}]}}